{"id":13533,"date":"2022-05-17T20:35:30","date_gmt":"2022-05-17T18:35:30","guid":{"rendered":"https:\/\/infinitodesign.it\/projects\/"},"modified":"2022-05-17T20:35:31","modified_gmt":"2022-05-17T18:35:31","slug":"projects","status":"publish","type":"page","link":"https:\/\/infinitodesign.it\/en\/projects\/","title":{"rendered":"Portfolio"},"content":{"rendered":"<h1 class=\"has-text-align-center wp-block-post-title\">Portfolio<\/h1>\n<p class=\"has-text-align-center\" style=\"font-size:30px\">THE UNIVERSAL LANGUAGE OF DESIGN<\/p>\n\n<div class=\"wp-block-uagb-tabs uagb-block-c01a70e6 uagb-tabs__wrap uagb-tabs__hstyle2-desktop uagb-tabs__hstyle2-tablet uagb-tabs__stack2-mobile portfolio-tabs\" data-tab-active=\"0\"><ul class=\"uagb-tabs__panel uagb-tabs__align-center\"><li class=\"uagb-tab uagb-tabs__active\"><a href=\"#uagb-tabs__tab0\" class=\"uagb-tabs-list uagb-tabs__icon-position-left\" data-tab=\"0\"><span>All Projects<\/span><\/a><\/li><li class=\"uagb-tab \"><a href=\"#uagb-tabs__tab1\" class=\"uagb-tabs-list uagb-tabs__icon-position-left\" data-tab=\"1\"><span>Industrial &amp; Interior Design<\/span><\/a><\/li><li class=\"uagb-tab \"><a href=\"#uagb-tabs__tab2\" class=\"uagb-tabs-list uagb-tabs__icon-position-left\" data-tab=\"2\"><span>Communication Design<\/span><\/a><\/li><li class=\"uagb-tab \"><a href=\"#uagb-tabs__tab3\" class=\"uagb-tabs-list uagb-tabs__icon-position-left\" data-tab=\"3\"><span>Graphic Design<\/span><\/a><\/li><li class=\"uagb-tab \"><a href=\"#uagb-tabs__tab4\" class=\"uagb-tabs-list uagb-tabs__icon-position-left\" data-tab=\"4\"><span>Web Design<\/span><\/a><\/li><li class=\"uagb-tab \"><a href=\"#uagb-tabs__tab5\" class=\"uagb-tabs-list uagb-tabs__icon-position-left\" data-tab=\"5\"><span>App Design<\/span><\/a><\/li><\/ul><div class=\"uagb-tabs__body-wrap\">\n<div class=\"wp-block-uagb-tabs-child uagb-tabs__body-container uagb-tabs__inner-tab uagb-inner-tab-0\"><div class=\"uagb-blocks__db4a7f0e uagb-tabs__body\" aria-labelledby=\"uagb-tabs__tab0\">\n\t\t\t<div class=\"wp-block-uagb-post-grid uagb-post-grid  uagb-post__image-position-background uagb-post__image-enabled uagb-block-fe3a1c30     uagb-post__items uagb-post__columns-4 is-grid uagb-post__columns-tablet-2 uagb-post__columns-mobile-1 uagb-post__equal-height\" data-total=\"0\" style=\"\">\n\n\t\t\t\t\t\t\t\t\t<p class=\"uagb-post__no-posts\">\n\t\t\t\t\t\tNessun progetto trovato\t\t\t\t\t<\/p>\n\t\t\t\t\t\t\t\t\t\t<div class=\"uagb-post-pagination-wrap\">\n\t\t\t\t\t\t\t\t\t\t\t<\/div>\n\t\t\t\t\t\t\t\t<\/div>\n\t\t\t<\/div><\/div>\n\n\n\n<div class=\"wp-block-uagb-tabs-child uagb-tabs__body-container uagb-tabs__inner-tab uagb-inner-tab-1\"><div class=\"uagb-blocks__88937199 uagb-tabs__body\" aria-labelledby=\"uagb-tabs__tab1\">\n\t\t\t<div class=\"wp-block-uagb-post-grid uagb-post-grid  uagb-post__image-position-background uagb-post__image-enabled uagb-block-bf64f3ec     uagb-post__items uagb-post__columns-4 is-grid uagb-post__columns-tablet-2 uagb-post__columns-mobile-1 uagb-post__equal-height\" data-total=\"0\" style=\"\">\n\n\t\t\t\t\t\t\t\t\t<p class=\"uagb-post__no-posts\">\n\t\t\t\t\t\tNessun progetto trovato\t\t\t\t\t<\/p>\n\t\t\t\t\t\t\t\t\t\t<div class=\"uagb-post-pagination-wrap\">\n\t\t\t\t\t\t\t\t\t\t\t<\/div>\n\t\t\t\t\t\t\t\t<\/div>\n\t\t\t<\/div><\/div>\n\n\n\n<div class=\"wp-block-uagb-tabs-child uagb-tabs__body-container uagb-tabs__inner-tab uagb-inner-tab-2\"><div class=\"uagb-blocks__2b73af4e uagb-tabs__body\" aria-labelledby=\"uagb-tabs__tab2\">\n\t\t\t<div class=\"wp-block-uagb-post-grid uagb-post-grid  uagb-post__image-position-background uagb-post__image-enabled uagb-block-08cb7a34     uagb-post__items uagb-post__columns-4 is-grid uagb-post__columns-tablet-2 uagb-post__columns-mobile-1 uagb-post__equal-height\" data-total=\"0\" style=\"\">\n\n\t\t\t\t\t\t\t\t\t<p class=\"uagb-post__no-posts\">\n\t\t\t\t\t\tNessun progetto trovato\t\t\t\t\t<\/p>\n\t\t\t\t\t\t\t\t\t\t<div class=\"uagb-post-pagination-wrap\">\n\t\t\t\t\t\t\t\t\t\t\t<\/div>\n\t\t\t\t\t\t\t\t<\/div>\n\t\t\t<\/div><\/div>\n\n\n\n<div class=\"wp-block-uagb-tabs-child uagb-tabs__body-container uagb-tabs__inner-tab uagb-inner-tab-3\"><div class=\"uagb-blocks__93eb0e45 uagb-tabs__body\" aria-labelledby=\"uagb-tabs__tab3\">\n\t\t\t<div class=\"wp-block-uagb-post-grid uagb-post-grid  uagb-post__image-position-background uagb-post__image-enabled uagb-block-32eef115     uagb-post__items uagb-post__columns-4 is-grid uagb-post__columns-tablet-2 uagb-post__columns-mobile-1 uagb-post__equal-height\" data-total=\"0\" style=\"\">\n\n\t\t\t\t\t\t\t\t\t<p class=\"uagb-post__no-posts\">\n\t\t\t\t\t\tNessun progetto trovato\t\t\t\t\t<\/p>\n\t\t\t\t\t\t\t\t\t\t<div class=\"uagb-post-pagination-wrap\">\n\t\t\t\t\t\t\t\t\t\t\t<\/div>\n\t\t\t\t\t\t\t\t<\/div>\n\t\t\t<\/div><\/div>\n\n\n\n<div class=\"wp-block-uagb-tabs-child uagb-tabs__body-container uagb-tabs__inner-tab uagb-inner-tab-4\"><div class=\"uagb-blocks__b12b3fed uagb-tabs__body\" aria-labelledby=\"uagb-tabs__tab4\">\n\t\t\t<div class=\"wp-block-uagb-post-grid uagb-post-grid  uagb-post__image-position-background uagb-post__image-enabled uagb-block-072c1e60     uagb-post__items uagb-post__columns-4 is-grid uagb-post__columns-tablet-2 uagb-post__columns-mobile-1 uagb-post__equal-height\" data-total=\"0\" style=\"\">\n\n\t\t\t\t\t\t\t\t\t<p class=\"uagb-post__no-posts\">\n\t\t\t\t\t\tNessun progetto trovato\t\t\t\t\t<\/p>\n\t\t\t\t\t\t\t\t\t\t<div class=\"uagb-post-pagination-wrap\">\n\t\t\t\t\t\t\t\t\t\t\t<\/div>\n\t\t\t\t\t\t\t\t<\/div>\n\t\t\t<\/div><\/div>\n\n\n\n<div class=\"wp-block-uagb-tabs-child uagb-tabs__body-container uagb-tabs__inner-tab uagb-inner-tab-5\"><div class=\"uagb-blocks__c594a879 uagb-tabs__body\" aria-labelledby=\"uagb-tabs__tab5\">\n\t\t\t<div class=\"wp-block-uagb-post-grid uagb-post-grid  uagb-post__image-position-background uagb-post__image-enabled uagb-block-1bc74424     uagb-post__items uagb-post__columns-4 is-grid uagb-post__columns-tablet-2 uagb-post__columns-mobile-1 uagb-post__equal-height\" data-total=\"0\" style=\"\">\n\n\t\t\t\t\t\t\t\t\t<p class=\"uagb-post__no-posts\">\n\t\t\t\t\t\tNessun progetto trovato\t\t\t\t\t<\/p>\n\t\t\t\t\t\t\t\t\t\t<div class=\"uagb-post-pagination-wrap\">\n\t\t\t\t\t\t\t\t\t\t\t<\/div>\n\t\t\t\t\t\t\t\t<\/div>\n\t\t\t<\/div><\/div>\n<\/div><\/div>\n","protected":false},"excerpt":{"rendered":"<p>THE UNIVERSAL LANGUAGE OF DESIGN<\/p>\n","protected":false},"author":3,"featured_media":0,"parent":0,"menu_order":0,"comment_status":"closed","ping_status":"closed","template":"","meta":{"_uag_custom_page_level_css":"","site-sidebar-layout":"","site-content-layout":"page-builder","ast-site-content-layout":"default","site-content-style":"default","site-sidebar-style":"default","ast-global-header-display":"","ast-banner-title-visibility":"","ast-main-header-display":"","ast-hfb-above-header-display":"","ast-hfb-below-header-display":"","ast-hfb-mobile-header-display":"","site-post-title":"disabled","ast-breadcrumbs-content":"","ast-featured-img":"","footer-sml-layout":"","theme-transparent-header-meta":"","adv-header-id-meta":"","stick-header-meta":"","header-above-stick-meta":"","header-main-stick-meta":"","header-below-stick-meta":"","astra-migrate-meta-layouts":"default","ast-page-background-enabled":"default","ast-page-background-meta":{"desktop":{"background-color":"var(--ast-global-color-4)","background-image":"","background-repeat":"repeat","background-position":"center center","background-size":"auto","background-attachment":"scroll","background-type":"","background-media":"","overlay-type":"","overlay-color":"","overlay-opacity":"","overlay-gradient":""},"tablet":{"background-color":"","background-image":"","background-repeat":"repeat","background-position":"center center","background-size":"auto","background-attachment":"scroll","background-type":"","background-media":"","overlay-type":"","overlay-color":"","overlay-opacity":"","overlay-gradient":""},"mobile":{"background-color":"","background-image":"","background-repeat":"repeat","background-position":"center center","background-size":"auto","background-attachment":"scroll","background-type":"","background-media":"","overlay-type":"","overlay-color":"","overlay-opacity":"","overlay-gradient":""}},"ast-content-background-meta":{"desktop":{"background-color":"var(--ast-global-color-5)","background-image":"","background-repeat":"repeat","background-position":"center center","background-size":"auto","background-attachment":"scroll","background-type":"","background-media":"","overlay-type":"","overlay-color":"","overlay-opacity":"","overlay-gradient":""},"tablet":{"background-color":"var(--ast-global-color-5)","background-image":"","background-repeat":"repeat","background-position":"center center","background-size":"auto","background-attachment":"scroll","background-type":"","background-media":"","overlay-type":"","overlay-color":"","overlay-opacity":"","overlay-gradient":""},"mobile":{"background-color":"var(--ast-global-color-5)","background-image":"","background-repeat":"repeat","background-position":"center center","background-size":"auto","background-attachment":"scroll","background-type":"","background-media":"","overlay-type":"","overlay-color":"","overlay-opacity":"","overlay-gradient":""}},"footnotes":""},"class_list":["post-13533","page","type-page","status-publish","hentry"],"yoast_head":"<!-- This site is optimized with the Yoast SEO plugin v27.5 - https:\/\/yoast.com\/product\/yoast-seo-wordpress\/ -->\n<title>Portfolio - InfinitoDesign<\/title>\n<meta name=\"description\" content=\"InfinitoDesign \u00e8 una factory creativa italiana che sviluppa e produce tutto quanto \u00e8 progetto. Il nostro stile di progettazione \u00e8 multidisciplinare.\" \/>\n<meta name=\"robots\" content=\"index, follow, max-snippet:-1, max-image-preview:large, max-video-preview:-1\" \/>\n<link rel=\"canonical\" href=\"https:\/\/infinitodesign.it\/en\/projects\/\" \/>\n<meta property=\"og:locale\" content=\"en_US\" \/>\n<meta property=\"og:type\" content=\"article\" \/>\n<meta property=\"og:title\" content=\"Portfolio - InfinitoDesign\" \/>\n<meta property=\"og:description\" content=\"InfinitoDesign \u00e8 una factory creativa italiana che sviluppa e produce tutto quanto \u00e8 progetto. Il nostro stile di progettazione \u00e8 multidisciplinare.\" \/>\n<meta property=\"og:url\" content=\"https:\/\/infinitodesign.it\/en\/projects\/\" \/>\n<meta property=\"og:site_name\" content=\"InfinitoDesign\" \/>\n<meta property=\"article:publisher\" content=\"https:\/\/www.facebook.com\/InfinitoDesign\" \/>\n<meta property=\"article:modified_time\" content=\"2022-05-17T18:35:31+00:00\" \/>\n<meta name=\"twitter:card\" content=\"summary_large_image\" \/>\n<meta name=\"twitter:site\" content=\"@Infinitodesign\" \/>\n<script type=\"application\/ld+json\" class=\"yoast-schema-graph\">{\"@context\":\"https:\\\/\\\/schema.org\",\"@graph\":[{\"@type\":\"WebPage\",\"@id\":\"https:\\\/\\\/infinitodesign.it\\\/en\\\/projects\\\/\",\"url\":\"https:\\\/\\\/infinitodesign.it\\\/en\\\/projects\\\/\",\"name\":\"Portfolio - InfinitoDesign\",\"isPartOf\":{\"@id\":\"https:\\\/\\\/infinitodesign.it\\\/en\\\/#website\"},\"datePublished\":\"2022-05-17T18:35:30+00:00\",\"dateModified\":\"2022-05-17T18:35:31+00:00\",\"description\":\"InfinitoDesign \u00e8 una factory creativa italiana che sviluppa e produce tutto quanto \u00e8 progetto. Il nostro stile di progettazione \u00e8 multidisciplinare.\",\"breadcrumb\":{\"@id\":\"https:\\\/\\\/infinitodesign.it\\\/en\\\/projects\\\/#breadcrumb\"},\"inLanguage\":\"en-US\",\"potentialAction\":[{\"@type\":\"ReadAction\",\"target\":[\"https:\\\/\\\/infinitodesign.it\\\/en\\\/projects\\\/\"]}]},{\"@type\":\"BreadcrumbList\",\"@id\":\"https:\\\/\\\/infinitodesign.it\\\/en\\\/projects\\\/#breadcrumb\",\"itemListElement\":[{\"@type\":\"ListItem\",\"position\":1,\"name\":\"Home\",\"item\":\"https:\\\/\\\/infinitodesign.it\\\/en\\\/home\\\/\"},{\"@type\":\"ListItem\",\"position\":2,\"name\":\"Portfolio\"}]},{\"@type\":\"WebSite\",\"@id\":\"https:\\\/\\\/infinitodesign.it\\\/en\\\/#website\",\"url\":\"https:\\\/\\\/infinitodesign.it\\\/en\\\/\",\"name\":\"InfinitoDesign\",\"description\":\"Progetti di Design Multidisciplinare - Ingegneri del progetto\",\"publisher\":{\"@id\":\"https:\\\/\\\/infinitodesign.it\\\/en\\\/#organization\"},\"potentialAction\":[{\"@type\":\"SearchAction\",\"target\":{\"@type\":\"EntryPoint\",\"urlTemplate\":\"https:\\\/\\\/infinitodesign.it\\\/en\\\/?s={search_term_string}\"},\"query-input\":{\"@type\":\"PropertyValueSpecification\",\"valueRequired\":true,\"valueName\":\"search_term_string\"}}],\"inLanguage\":\"en-US\"},{\"@type\":\"Organization\",\"@id\":\"https:\\\/\\\/infinitodesign.it\\\/en\\\/#organization\",\"name\":\"InfinitoDesign\",\"url\":\"https:\\\/\\\/infinitodesign.it\\\/en\\\/\",\"logo\":{\"@type\":\"ImageObject\",\"inLanguage\":\"en-US\",\"@id\":\"https:\\\/\\\/infinitodesign.it\\\/en\\\/#\\\/schema\\\/logo\\\/image\\\/\",\"url\":\"https:\\\/\\\/infinitodesign.it\\\/wp-content\\\/uploads\\\/2021\\\/11\\\/cropped-logo-infinitodesign-1.png\",\"contentUrl\":\"https:\\\/\\\/infinitodesign.it\\\/wp-content\\\/uploads\\\/2021\\\/11\\\/cropped-logo-infinitodesign-1.png\",\"width\":512,\"height\":512,\"caption\":\"InfinitoDesign\"},\"image\":{\"@id\":\"https:\\\/\\\/infinitodesign.it\\\/en\\\/#\\\/schema\\\/logo\\\/image\\\/\"},\"sameAs\":[\"https:\\\/\\\/www.facebook.com\\\/InfinitoDesign\",\"https:\\\/\\\/x.com\\\/Infinitodesign\",\"https:\\\/\\\/www.instagram.com\\\/Infinitodesignparma\",\"https:\\\/\\\/www.linkedin.com\\\/company\\\/1492709\\\/\",\"https:\\\/\\\/www.pinterest.com\\\/infinitodesign\",\"https:\\\/\\\/www.youtube.com\\\/user\\\/infinitodesignvideo\"]}]}<\/script>\n<!-- \/ Yoast SEO plugin. -->","yoast_head_json":{"title":"Portfolio - InfinitoDesign","description":"InfinitoDesign \u00e8 una factory creativa italiana che sviluppa e produce tutto quanto \u00e8 progetto. Il nostro stile di progettazione \u00e8 multidisciplinare.","robots":{"index":"index","follow":"follow","max-snippet":"max-snippet:-1","max-image-preview":"max-image-preview:large","max-video-preview":"max-video-preview:-1"},"canonical":"https:\/\/infinitodesign.it\/en\/projects\/","og_locale":"en_US","og_type":"article","og_title":"Portfolio - InfinitoDesign","og_description":"InfinitoDesign \u00e8 una factory creativa italiana che sviluppa e produce tutto quanto \u00e8 progetto. Il nostro stile di progettazione \u00e8 multidisciplinare.","og_url":"https:\/\/infinitodesign.it\/en\/projects\/","og_site_name":"InfinitoDesign","article_publisher":"https:\/\/www.facebook.com\/InfinitoDesign","article_modified_time":"2022-05-17T18:35:31+00:00","twitter_card":"summary_large_image","twitter_site":"@Infinitodesign","schema":{"@context":"https:\/\/schema.org","@graph":[{"@type":"WebPage","@id":"https:\/\/infinitodesign.it\/en\/projects\/","url":"https:\/\/infinitodesign.it\/en\/projects\/","name":"Portfolio - InfinitoDesign","isPartOf":{"@id":"https:\/\/infinitodesign.it\/en\/#website"},"datePublished":"2022-05-17T18:35:30+00:00","dateModified":"2022-05-17T18:35:31+00:00","description":"InfinitoDesign \u00e8 una factory creativa italiana che sviluppa e produce tutto quanto \u00e8 progetto. Il nostro stile di progettazione \u00e8 multidisciplinare.","breadcrumb":{"@id":"https:\/\/infinitodesign.it\/en\/projects\/#breadcrumb"},"inLanguage":"en-US","potentialAction":[{"@type":"ReadAction","target":["https:\/\/infinitodesign.it\/en\/projects\/"]}]},{"@type":"BreadcrumbList","@id":"https:\/\/infinitodesign.it\/en\/projects\/#breadcrumb","itemListElement":[{"@type":"ListItem","position":1,"name":"Home","item":"https:\/\/infinitodesign.it\/en\/home\/"},{"@type":"ListItem","position":2,"name":"Portfolio"}]},{"@type":"WebSite","@id":"https:\/\/infinitodesign.it\/en\/#website","url":"https:\/\/infinitodesign.it\/en\/","name":"InfinitoDesign","description":"Progetti di Design Multidisciplinare - Ingegneri del progetto","publisher":{"@id":"https:\/\/infinitodesign.it\/en\/#organization"},"potentialAction":[{"@type":"SearchAction","target":{"@type":"EntryPoint","urlTemplate":"https:\/\/infinitodesign.it\/en\/?s={search_term_string}"},"query-input":{"@type":"PropertyValueSpecification","valueRequired":true,"valueName":"search_term_string"}}],"inLanguage":"en-US"},{"@type":"Organization","@id":"https:\/\/infinitodesign.it\/en\/#organization","name":"InfinitoDesign","url":"https:\/\/infinitodesign.it\/en\/","logo":{"@type":"ImageObject","inLanguage":"en-US","@id":"https:\/\/infinitodesign.it\/en\/#\/schema\/logo\/image\/","url":"https:\/\/infinitodesign.it\/wp-content\/uploads\/2021\/11\/cropped-logo-infinitodesign-1.png","contentUrl":"https:\/\/infinitodesign.it\/wp-content\/uploads\/2021\/11\/cropped-logo-infinitodesign-1.png","width":512,"height":512,"caption":"InfinitoDesign"},"image":{"@id":"https:\/\/infinitodesign.it\/en\/#\/schema\/logo\/image\/"},"sameAs":["https:\/\/www.facebook.com\/InfinitoDesign","https:\/\/x.com\/Infinitodesign","https:\/\/www.instagram.com\/Infinitodesignparma","https:\/\/www.linkedin.com\/company\/1492709\/","https:\/\/www.pinterest.com\/infinitodesign","https:\/\/www.youtube.com\/user\/infinitodesignvideo"]}]}},"uagb_featured_image_src":{"full":false,"thumbnail":false,"medium":false,"medium_large":false,"large":false,"1536x1536":false,"2048x2048":false,"jetpack-portfolio-admin-thumb":false},"uagb_author_info":{"display_name":"Alceo Mazzaccherini","author_link":"https:\/\/infinitodesign.it\/en\/author\/alceo\/"},"uagb_comment_info":0,"uagb_excerpt":"THE UNIVERSAL LANGUAGE OF DESIGN","jetpack_sharing_enabled":true,"_links":{"self":[{"href":"https:\/\/infinitodesign.it\/en\/wp-json\/wp\/v2\/pages\/13533","targetHints":{"allow":["GET"]}}],"collection":[{"href":"https:\/\/infinitodesign.it\/en\/wp-json\/wp\/v2\/pages"}],"about":[{"href":"https:\/\/infinitodesign.it\/en\/wp-json\/wp\/v2\/types\/page"}],"author":[{"embeddable":true,"href":"https:\/\/infinitodesign.it\/en\/wp-json\/wp\/v2\/users\/3"}],"replies":[{"embeddable":true,"href":"https:\/\/infinitodesign.it\/en\/wp-json\/wp\/v2\/comments?post=13533"}],"version-history":[{"count":1,"href":"https:\/\/infinitodesign.it\/en\/wp-json\/wp\/v2\/pages\/13533\/revisions"}],"predecessor-version":[{"id":13534,"href":"https:\/\/infinitodesign.it\/en\/wp-json\/wp\/v2\/pages\/13533\/revisions\/13534"}],"wp:attachment":[{"href":"https:\/\/infinitodesign.it\/en\/wp-json\/wp\/v2\/media?parent=13533"}],"curies":[{"name":"wp","href":"https:\/\/api.w.org\/{rel}","templated":true}]}}